{"id":1052,"date":"2023-05-24T13:58:27","date_gmt":"2023-05-24T13:58:27","guid":{"rendered":"https:\/\/smoothie.social\/?page_id=1052"},"modified":"2023-06-28T21:20:56","modified_gmt":"2023-06-28T21:20:56","slug":"blog-tips","status":"publish","type":"page","link":"https:\/\/smoothie.social\/pt\/dicas-de-blogues\/","title":{"rendered":"BLOG &amp; DICAS"},"content":{"rendered":"<div data-elementor-type=\"wp-page\" data-elementor-id=\"1052\" class=\"elementor elementor-1052\" data-elementor-post-type=\"page\">\n\t\t\t\t\t\t<section class=\"elementor-section elementor-top-section elementor-element elementor-element-64071483 elementor-section-boxed ang-section-padding-initial elementor-section-height-default elementor-section-height-default elementor-repeater-item-none elementor-repeater-item-none_hover\" data-id=\"64071483\" data-element_type=\"section\" data-settings='{\"background_background\":\"classic\"}'>\n\t\t\t\t\t\t\t<div class=\"elementor-background-overlay\"><\/div>\n\t\t\t\t\t\t\t<div class=\"elementor-container elementor-column-gap-default\">\n\t\t\t\t\t<div class=\"elementor-column elementor-col-100 elementor-top-column elementor-element elementor-element-4490c56c elementor-repeater-item-none elementor-repeater-item-none_hover\" data-id=\"4490c56c\" data-element_type=\"column\" data-settings='{\"background_background\":\"classic\"}'>\n\t\t\t<div class=\"elementor-widget-wrap elementor-element-populated\">\n\t\t\t\t\t\t<div class=\"elementor-element elementor-element-3a7eb8fb elementor-repeater-item-none elementor-repeater-item-none_hover elementor-widget elementor-widget-heading\" data-id=\"3a7eb8fb\" data-element_type=\"widget\" data-widget_type=\"heading.default\">\n\t\t\t\t<div class=\"elementor-widget-container\">\n\t\t\t<style>\/*! elementor - v3.23.0 - 05-08-2024 *\/\n.elementor-heading-title{padding:0;margin:0;line-height:1}.elementor-widget-heading .elementor-heading-title[class*=elementor-size-]>a{color:inherit;font-size:inherit;line-height:inherit}.elementor-widget-heading .elementor-heading-title.elementor-size-small{font-size:15px}.elementor-widget-heading .elementor-heading-title.elementor-size-medium{font-size:19px}.elementor-widget-heading .elementor-heading-title.elementor-size-large{font-size:29px}.elementor-widget-heading .elementor-heading-title.elementor-size-xl{font-size:39px}.elementor-widget-heading .elementor-heading-title.elementor-size-xxl{font-size:59px}<\/style><h1 class=\"elementor-heading-title elementor-size-default\">Blogue e sugest\u00f5es<\/h1>\t\t<\/div>\n\t\t\t\t<\/div>\n\t\t\t\t\t<\/div>\n\t\t<\/div>\n\t\t\t\t\t<\/div>\n\t\t<\/section>\n\t\t\t\t<section class=\"elementor-section elementor-top-section elementor-element elementor-element-43fa814d elementor-section-boxed ang-section-padding-initial elementor-section-height-default elementor-section-height-default elementor-repeater-item-none elementor-repeater-item-none_hover\" data-id=\"43fa814d\" data-element_type=\"section\" data-settings='{\"background_background\":\"classic\"}'>\n\t\t\t\t\t\t<div class=\"elementor-container elementor-column-gap-default\">\n\t\t\t\t\t<div class=\"elementor-column elementor-col-100 elementor-top-column elementor-element elementor-element-157c739b elementor-repeater-item-none elementor-repeater-item-none_hover\" data-id=\"157c739b\" data-element_type=\"column\">\n\t\t\t<div class=\"elementor-widget-wrap elementor-element-populated\">\n\t\t\t\t\t\t<div class=\"elementor-element elementor-element-0b13713 elementor-grid-3 elementor-grid-tablet-2 elementor-grid-mobile-1 elementor-posts--thumbnail-top elementor-repeater-item-none elementor-repeater-item-none_hover elementor-widget elementor-widget-posts\" data-id=\"0b13713\" data-element_type=\"widget\" data-settings='{\"classic_columns\":\"3\",\"classic_columns_tablet\":\"2\",\"classic_columns_mobile\":\"1\",\"classic_row_gap\":{\"unit\":\"px\",\"size\":35,\"sizes\":[]},\"classic_row_gap_tablet\":{\"unit\":\"px\",\"size\":\"\",\"sizes\":[]},\"classic_row_gap_mobile\":{\"unit\":\"px\",\"size\":\"\",\"sizes\":[]}}' data-widget_type=\"posts.classic\">\n\t\t\t\t<div class=\"elementor-widget-container\">\n\t\t\t<link rel=\"stylesheet\" href=\"https:\/\/smoothie.social\/wp-content\/plugins\/elementor-pro\/assets\/css\/widget-posts.min.css?ver=1728314672\">\t\t<div class=\"elementor-posts-container elementor-posts elementor-posts--skin-classic elementor-grid\">\n\t\t\t\t<article class=\"elementor-post elementor-grid-item post-2309 post type-post status-publish format-standard has-post-thumbnail hentry category-marketing\">\n\t\t\t\t<a class=\"elementor-post__thumbnail__link\" href=\"https:\/\/smoothie.social\/pt\/data-driven-social-media-smart-your-ideal-customer-targeting\/\" tabindex=\"-1\">\n\t\t\t<div class=\"elementor-post__thumbnail\"><img fetchpriority=\"high\" decoding=\"async\" width=\"300\" height=\"169\" src=\"https:\/\/smoothie.social\/wp-content\/uploads\/2024\/12\/data_driven_social_media_targeting-300x169.jpg\" class=\"attachment-medium size-medium wp-image-2308\" alt=\"segmenta\u00e7\u00e3o das redes sociais com base em dados\" srcset=\"https:\/\/smoothie.social\/wp-content\/uploads\/2024\/12\/data_driven_social_media_targeting-300x169.jpg 300w, https:\/\/smoothie.social\/wp-content\/uploads\/2024\/12\/data_driven_social_media_targeting-768x432.jpg 768w, https:\/\/smoothie.social\/wp-content\/uploads\/2024\/12\/data_driven_social_media_targeting-18x10.jpg 18w, https:\/\/smoothie.social\/wp-content\/uploads\/2024\/12\/data_driven_social_media_targeting-250x141.jpg 250w, https:\/\/smoothie.social\/wp-content\/uploads\/2024\/12\/data_driven_social_media_targeting.jpg 1022w\" sizes=\"(max-width: 300px) 100vw, 300px\"><\/div>\n\t\t<\/a>\n\t\t\t\t<div class=\"elementor-post__text\">\n\t\t\t\t<h3 class=\"elementor-post__title\">\n\t\t\t<a href=\"https:\/\/smoothie.social\/pt\/data-driven-social-media-smart-your-ideal-customer-targeting\/\">\n\t\t\t\tRedes sociais orientadas por dados: direcionar de forma inteligente o seu cliente ideal\t\t\t<\/a>\n\t\t<\/h3>\n\t\t\t\t<div class=\"elementor-post__excerpt\">\n\t\t\t<p>Klaar om sociale media te transformeren met hypergerichte, data-gedreven strategie&euml;n die je ideale klant rechtstreeks raken?<\/p>\n\t\t<\/div>\n\t\t\n\t\t<a class=\"elementor-post__read-more\" href=\"https:\/\/smoothie.social\/pt\/data-driven-social-media-smart-your-ideal-customer-targeting\/\" aria-label=\"Read more about Datagedreven sociale media: slim uw ideale klant targeten\" tabindex=\"-1\">\n\t\t\tLer mais\t\t<\/a>\n\n\t\t\t\t<\/div>\n\t\t\t\t<\/article>\n\t\t\t\t<article class=\"elementor-post elementor-grid-item post-2307 post type-post status-publish format-standard has-post-thumbnail hentry category-marketing\">\n\t\t\t\t<a class=\"elementor-post__thumbnail__link\" href=\"https:\/\/smoothie.social\/pt\/responsive-retail-how-to-react-smart-on-social-media\/\" tabindex=\"-1\">\n\t\t\t<div class=\"elementor-post__thumbnail\"><img decoding=\"async\" width=\"300\" height=\"169\" src=\"https:\/\/smoothie.social\/wp-content\/uploads\/2024\/12\/smart_social_media_response-300x169.jpg\" class=\"attachment-medium size-medium wp-image-2306\" alt=\"resposta inteligente nas redes sociais\" srcset=\"https:\/\/smoothie.social\/wp-content\/uploads\/2024\/12\/smart_social_media_response-300x169.jpg 300w, https:\/\/smoothie.social\/wp-content\/uploads\/2024\/12\/smart_social_media_response-768x432.jpg 768w, https:\/\/smoothie.social\/wp-content\/uploads\/2024\/12\/smart_social_media_response-18x10.jpg 18w, https:\/\/smoothie.social\/wp-content\/uploads\/2024\/12\/smart_social_media_response-250x141.jpg 250w, https:\/\/smoothie.social\/wp-content\/uploads\/2024\/12\/smart_social_media_response.jpg 1022w\" sizes=\"(max-width: 300px) 100vw, 300px\"><\/div>\n\t\t<\/a>\n\t\t\t\t<div class=\"elementor-post__text\">\n\t\t\t\t<h3 class=\"elementor-post__title\">\n\t\t\t<a href=\"https:\/\/smoothie.social\/pt\/responsive-retail-how-to-react-smart-on-social-media\/\">\n\t\t\t\tResponsive Retail: How to Respond Smartly to Social Media.\t\t\t<\/a>\n\t\t<\/h3>\n\t\t\t\t<div class=\"elementor-post__excerpt\">\n\t\t\t<p>A capacidade de resposta profissional nas redes sociais revela a chave secreta para o envolvimento da marca e a fidelidade do cliente na era digital.<\/p>\n\t\t<\/div>\n\t\t\n\t\t<a class=\"elementor-post__read-more\" href=\"https:\/\/smoothie.social\/pt\/responsive-retail-how-to-react-smart-on-social-media\/\" aria-label=\"Read more about Responsieve Retail: Hoe Reageer Je Slim op Sociale Media?\" tabindex=\"-1\">\n\t\t\tLer mais\t\t<\/a>\n\n\t\t\t\t<\/div>\n\t\t\t\t<\/article>\n\t\t\t\t<article class=\"elementor-post elementor-grid-item post-2305 post type-post status-publish format-standard has-post-thumbnail hentry category-marketing\">\n\t\t\t\t<a class=\"elementor-post__thumbnail__link\" href=\"https:\/\/smoothie.social\/pt\/venda-social-master-classe-venda-sem-ser-intrusiva\/\" tabindex=\"-1\">\n\t\t\t<div class=\"elementor-post__thumbnail\"><img decoding=\"async\" width=\"300\" height=\"169\" src=\"https:\/\/smoothie.social\/wp-content\/uploads\/2024\/12\/social_selling_masterclass_insights-300x169.jpg\" class=\"attachment-medium size-medium wp-image-2304\" alt=\"ideias da masterclass de vendas sociais\" srcset=\"https:\/\/smoothie.social\/wp-content\/uploads\/2024\/12\/social_selling_masterclass_insights-300x169.jpg 300w, https:\/\/smoothie.social\/wp-content\/uploads\/2024\/12\/social_selling_masterclass_insights-768x432.jpg 768w, https:\/\/smoothie.social\/wp-content\/uploads\/2024\/12\/social_selling_masterclass_insights-18x10.jpg 18w, https:\/\/smoothie.social\/wp-content\/uploads\/2024\/12\/social_selling_masterclass_insights-250x141.jpg 250w, https:\/\/smoothie.social\/wp-content\/uploads\/2024\/12\/social_selling_masterclass_insights.jpg 1022w\" sizes=\"(max-width: 300px) 100vw, 300px\"><\/div>\n\t\t<\/a>\n\t\t\t\t<div class=\"elementor-post__text\">\n\t\t\t\t<h3 class=\"elementor-post__title\">\n\t\t\t<a href=\"https:\/\/smoothie.social\/pt\/venda-social-master-classe-venda-sem-ser-intrusiva\/\">\n\t\t\t\tAula magistral de vendas nas redes sociais: vender sem ser insistente\t\t\t<\/a>\n\t\t<\/h3>\n\t\t\t\t<div class=\"elementor-post__excerpt\">\n\t\t\t<p>Descubra como vender com autenticidade e empatia, sem t\u00e1cticas de press\u00e3o, e transforme definitivamente a sua estrat\u00e9gia de vendas nas redes sociais.<\/p>\n\t\t<\/div>\n\t\t\n\t\t<a class=\"elementor-post__read-more\" href=\"https:\/\/smoothie.social\/pt\/venda-social-master-classe-venda-sem-ser-intrusiva\/\" aria-label=\"Read more about Sociaal Verkopen Masterclass: Verkopen Zonder Aandringerig te Zijn\" tabindex=\"-1\">\n\t\t\tLer mais\t\t<\/a>\n\n\t\t\t\t<\/div>\n\t\t\t\t<\/article>\n\t\t\t\t<article class=\"elementor-post elementor-grid-item post-2303 post type-post status-publish format-standard has-post-thumbnail hentry category-marketing\">\n\t\t\t\t<a class=\"elementor-post__thumbnail__link\" href=\"https:\/\/smoothie.social\/pt\/user-generated-content-your-customers-as-your-best-marketing-team\/\" tabindex=\"-1\">\n\t\t\t<div class=\"elementor-post__thumbnail\"><img loading=\"lazy\" decoding=\"async\" width=\"300\" height=\"169\" src=\"https:\/\/smoothie.social\/wp-content\/uploads\/2024\/12\/user_generated_content_benefits-300x169.jpg\" class=\"attachment-medium size-medium wp-image-2302\" alt=\"vantagens dos conte\u00fados gerados pelos utilizadores\" srcset=\"https:\/\/smoothie.social\/wp-content\/uploads\/2024\/12\/user_generated_content_benefits-300x169.jpg 300w, https:\/\/smoothie.social\/wp-content\/uploads\/2024\/12\/user_generated_content_benefits-768x432.jpg 768w, https:\/\/smoothie.social\/wp-content\/uploads\/2024\/12\/user_generated_content_benefits-18x10.jpg 18w, https:\/\/smoothie.social\/wp-content\/uploads\/2024\/12\/user_generated_content_benefits-250x141.jpg 250w, https:\/\/smoothie.social\/wp-content\/uploads\/2024\/12\/user_generated_content_benefits.jpg 1022w\" sizes=\"(max-width: 300px) 100vw, 300px\"><\/div>\n\t\t<\/a>\n\t\t\t\t<div class=\"elementor-post__text\">\n\t\t\t\t<h3 class=\"elementor-post__title\">\n\t\t\t<a href=\"https:\/\/smoothie.social\/pt\/user-generated-content-your-customers-as-your-best-marketing-team\/\">\n\t\t\t\tConte\u00fado gerado pelo utilizador: os seus clientes s\u00e3o a sua melhor equipa de marketing\t\t\t<\/a>\n\t\t<\/h3>\n\t\t\t\t<div class=\"elementor-post__excerpt\">\n\t\t\t<p>Cre&euml;er een onweerstaanbare marketingkracht door de authentieke verhalen en ervaringen van je klanten te omarmen.<\/p>\n\t\t<\/div>\n\t\t\n\t\t<a class=\"elementor-post__read-more\" href=\"https:\/\/smoothie.social\/pt\/user-generated-content-your-customers-as-your-best-marketing-team\/\" aria-label=\"Read more about Door Gebruikers Gegenereerde Content: Uw Klanten als Uw Beste Marketingteam\" tabindex=\"-1\">\n\t\t\tLer mais\t\t<\/a>\n\n\t\t\t\t<\/div>\n\t\t\t\t<\/article>\n\t\t\t\t<article class=\"elementor-post elementor-grid-item post-2301 post type-post status-publish format-standard has-post-thumbnail hentry category-marketing\">\n\t\t\t\t<a class=\"elementor-post__thumbnail__link\" href=\"https:\/\/smoothie.social\/pt\/descontos-promocoes-posicionamento-estrategico-nas-redes-sociais\/\" tabindex=\"-1\">\n\t\t\t<div class=\"elementor-post__thumbnail\"><img loading=\"lazy\" decoding=\"async\" width=\"300\" height=\"169\" src=\"https:\/\/smoothie.social\/wp-content\/uploads\/2024\/12\/discounts_promotions_strategy-300x169.jpg\" class=\"attachment-medium size-medium wp-image-2300\" alt=\"descontos estrat\u00e9gia de promo\u00e7\u00f5es\" srcset=\"https:\/\/smoothie.social\/wp-content\/uploads\/2024\/12\/discounts_promotions_strategy-300x169.jpg 300w, https:\/\/smoothie.social\/wp-content\/uploads\/2024\/12\/discounts_promotions_strategy-768x432.jpg 768w, https:\/\/smoothie.social\/wp-content\/uploads\/2024\/12\/discounts_promotions_strategy-18x10.jpg 18w, https:\/\/smoothie.social\/wp-content\/uploads\/2024\/12\/discounts_promotions_strategy-250x141.jpg 250w, https:\/\/smoothie.social\/wp-content\/uploads\/2024\/12\/discounts_promotions_strategy.jpg 1022w\" sizes=\"(max-width: 300px) 100vw, 300px\"><\/div>\n\t\t<\/a>\n\t\t\t\t<div class=\"elementor-post__text\">\n\t\t\t\t<h3 class=\"elementor-post__title\">\n\t\t\t<a href=\"https:\/\/smoothie.social\/pt\/descontos-promocoes-posicionamento-estrategico-nas-redes-sociais\/\">\n\t\t\t\tKortingen &amp; Promoties: Strategisch Positioneren op Sociale Media\t\t\t<\/a>\n\t\t<\/h3>\n\t\t\t\t<div class=\"elementor-post__excerpt\">\n\t\t\t<p>Navegue pelo mundo da promo\u00e7\u00e3o nas redes sociais e descubra como os descontos estrat\u00e9gicos podem transformar a visibilidade da sua marca com t\u00e1cticas irresist\u00edveis.<\/p>\n\t\t<\/div>\n\t\t\n\t\t<a class=\"elementor-post__read-more\" href=\"https:\/\/smoothie.social\/pt\/descontos-promocoes-posicionamento-estrategico-nas-redes-sociais\/\" aria-label=\"Read more about Kortingen &amp; Promoties: Strategisch Positioneren op Sociale Media\" tabindex=\"-1\">\n\t\t\tLer mais\t\t<\/a>\n\n\t\t\t\t<\/div>\n\t\t\t\t<\/article>\n\t\t\t\t<article class=\"elementor-post elementor-grid-item post-2299 post type-post status-publish format-standard has-post-thumbnail hentry category-marketing\">\n\t\t\t\t<a class=\"elementor-post__thumbnail__link\" href=\"https:\/\/smoothie.social\/pt\/nos-bastidores-do-conteudo-autentico-das-redes-sociais-para-retalhistas\/\" tabindex=\"-1\">\n\t\t\t<div class=\"elementor-post__thumbnail\"><img loading=\"lazy\" decoding=\"async\" width=\"300\" height=\"169\" src=\"https:\/\/smoothie.social\/wp-content\/uploads\/2024\/12\/behind_the_scenes_social_media-300x169.jpg\" class=\"attachment-medium size-medium wp-image-2298\" alt=\"bastidores das redes sociais\" srcset=\"https:\/\/smoothie.social\/wp-content\/uploads\/2024\/12\/behind_the_scenes_social_media-300x169.jpg 300w, https:\/\/smoothie.social\/wp-content\/uploads\/2024\/12\/behind_the_scenes_social_media-768x432.jpg 768w, https:\/\/smoothie.social\/wp-content\/uploads\/2024\/12\/behind_the_scenes_social_media-18x10.jpg 18w, https:\/\/smoothie.social\/wp-content\/uploads\/2024\/12\/behind_the_scenes_social_media-250x141.jpg 250w, https:\/\/smoothie.social\/wp-content\/uploads\/2024\/12\/behind_the_scenes_social_media.jpg 1022w\" sizes=\"(max-width: 300px) 100vw, 300px\"><\/div>\n\t\t<\/a>\n\t\t\t\t<div class=\"elementor-post__text\">\n\t\t\t\t<h3 class=\"elementor-post__title\">\n\t\t\t<a href=\"https:\/\/smoothie.social\/pt\/nos-bastidores-do-conteudo-autentico-das-redes-sociais-para-retalhistas\/\">\n\t\t\t\tNos bastidores: Conte\u00fado aut\u00eantico das redes sociais para os retalhistas\t\t\t<\/a>\n\t\t<\/h3>\n\t\t\t\t<div class=\"elementor-post__excerpt\">\n\t\t\t<p>Est\u00e1 a aplaudir nos bastidores, onde hist\u00f3rias aut\u00eanticas de retalho abra\u00e7am a transpar\u00eancia e os clientes s\u00e3o transformados em embaixadores apaixonados da marca?<\/p>\n\t\t<\/div>\n\t\t\n\t\t<a class=\"elementor-post__read-more\" href=\"https:\/\/smoothie.social\/pt\/nos-bastidores-do-conteudo-autentico-das-redes-sociais-para-retalhistas\/\" aria-label=\"Ler mais sobre Os bastidores: Conte\u00fado aut\u00eantico das redes sociais para os retalhistas\" tabindex=\"-1\">\n\t\t\tLer mais\t\t<\/a>\n\n\t\t\t\t<\/div>\n\t\t\t\t<\/article>\n\t\t\t\t<\/div>\n\t\t\n\t\t\t\t<\/div>\n\t\t\t\t<\/div>\n\t\t\t\t\t<\/div>\n\t\t<\/div>\n\t\t\t\t\t<\/div>\n\t\t<\/section>\n\t\t<div class=\"elementor-element elementor-element-67aac87c e-flex e-con-boxed elementor-repeater-item-default_padding sk-none elementor-repeater-item-none elementor-repeater-item-none_hover e-con e-parent\" data-id=\"67aac87c\" data-element_type=\"container\" data-settings='{\"background_background\":\"classic\",\"ang_container_spacing_size\":\"default_padding\"}'>\n\t\t\t\t\t<div class=\"e-con-inner\">\n\t\t\t\t<div class=\"elementor-element elementor-element-40e52533 elementor-headline--style-highlight elementor-repeater-item-none elementor-repeater-item-none_hover elementor-widget elementor-widget-animated-headline\" data-id=\"40e52533\" data-element_type=\"widget\" data-settings='{\"marker\":\"double_underline\",\"highlighted_text\":\"gratis uitproberen\",\"headline_style\":\"highlight\",\"loop\":\"yes\",\"highlight_animation_duration\":1200,\"highlight_iteration_delay\":8000}' data-widget_type=\"animated-headline.default\">\n\t\t\t\t<div class=\"elementor-widget-container\">\n\t\t\t<link rel=\"stylesheet\" href=\"https:\/\/smoothie.social\/wp-content\/plugins\/elementor-pro\/assets\/css\/widget-animated-headline.min.css?ver=1728314672\">\t\t<h3 class=\"elementor-headline\">\n\t\t\t\t\t<span class=\"elementor-headline-plain-text elementor-headline-text-wrapper\">Quer ver tudo isso uma vez <\/span>\n\t\t\t\t<span class=\"elementor-headline-dynamic-wrapper elementor-headline-text-wrapper\">\n\t\t\t\t\t<span class=\"elementor-headline-dynamic-text elementor-headline-text-active\">teste gratuito<\/span>\n\t\t\t\t<\/span>\n\t\t\t\t\t<span class=\"elementor-headline-plain-text elementor-headline-text-wrapper\"> ?<\/span>\n\t\t\t\t\t<\/h3>\n\t\t\t\t<\/div>\n\t\t\t\t<\/div>\n\t\t\t\t<div class=\"elementor-element elementor-element-70fefb99 elementor-repeater-item-none elementor-repeater-item-none_hover elementor-widget elementor-widget-heading\" data-id=\"70fefb99\" data-element_type=\"widget\" data-widget_type=\"heading.default\">\n\t\t\t\t<div class=\"elementor-widget-container\">\n\t\t\t<h2 class=\"elementor-heading-title elementor-size-default\">Teste o nosso planeador de conte\u00fados durante uma semana inteira com o CHAT-GPT<\/h2>\t\t<\/div>\n\t\t\t\t<\/div>\n\t\t\t\t<div class=\"elementor-element elementor-element-6d9289b3 elementor-view-default elementor-repeater-item-none elementor-repeater-item-none_hover elementor-widget elementor-widget-icon\" data-id=\"6d9289b3\" data-element_type=\"widget\" data-widget_type=\"icon.default\">\n\t\t\t\t<div class=\"elementor-widget-container\">\n\t\t\t\t\t<div class=\"elementor-icon-wrapper\">\n\t\t\t<div class=\"elementor-icon\">\n\t\t\t<svg aria-hidden=\"true\" class=\"e-font-icon-svg e-fas-arrow-alt-circle-down\" viewbox=\"0 0 512 512\" xmlns=\"http:\/\/www.w3.org\/2000\/svg\"><path d=\"M504 256c0 137-111 248-248 248S8 393 8 256 119 8 256 8s248 111 248 248zM212 140v116h-70.9c-10.7 0-16.1 13-8.5 20.5l114.9 114.3c4.7 4.7 12.2 4.7 16.9 0l114.9-114.3c7.6-7.6 2.2-20.5-8.5-20.5H300V140c0-6.6-5.4-12-12-12h-64c-6.6 0-12 5.4-12 12z\"><\/path><\/svg>\t\t\t<\/div>\n\t\t<\/div>\n\t\t\t\t<\/div>\n\t\t\t\t<\/div>\n\t\t\t\t<div class=\"elementor-element elementor-element-4bfa9d9a elementor-align-center elementor-repeater-item-none elementor-repeater-item-none_hover elementor-widget elementor-widget-button\" data-id=\"4bfa9d9a\" data-element_type=\"widget\" data-widget_type=\"button.default\">\n\t\t\t\t<div class=\"elementor-widget-container\">\n\t\t\t\t\t<div class=\"elementor-button-wrapper\">\n\t\t\t<a class=\"elementor-button elementor-button-link elementor-size-sm\" href=\"https:\/\/dashboard.smoothie.social\/rsa84a774e62740553256bc94bb6f5086bc\" target=\"_blank\" rel=\"nofollow\">\n\t\t\t\t\t\t<span class=\"elementor-button-content-wrapper\">\n\t\t\t\t\t\t\t\t\t<span class=\"elementor-button-text\">Sim, quero experimentar o Smoothie 7 dias gratuitamente!<\/span>\n\t\t\t\t\t<\/span>\n\t\t\t\t\t<\/a>\n\t\t<\/div>\n\t\t\t\t<\/div>\n\t\t\t\t<\/div>\n\t\t\t\t\t<\/div>\n\t\t\t\t<\/div>\n\t\t\t\t<\/div>","protected":false},"excerpt":{"rendered":"<p>Blog &amp; Tips Wil je dat allemaal eens gratis uitproberen ? Test een hele week lang onze content planner met CHAT-GPT Ja ik wil Smoothie 7 dagen gratis uitproberen !<\/p>","protected":false},"author":1,"featured_media":0,"parent":0,"menu_order":0,"comment_status":"closed","ping_status":"closed","template":"","meta":{"site-sidebar-layout":"no-sidebar","site-content-layout":"page-builder","ast-site-content-layout":"","site-content-style":"default","site-sidebar-style":"default","ast-global-header-display":"","ast-banner-title-visibility":"","ast-main-header-display":"","ast-hfb-above-header-display":"","ast-hfb-below-header-display":"","ast-hfb-mobile-header-display":"","site-post-title":"disabled","ast-breadcrumbs-content":"","ast-featured-img":"disabled","footer-sml-layout":"","theme-transparent-header-meta":"","adv-header-id-meta":"","stick-header-meta":"","header-above-stick-meta":"","header-main-stick-meta":"","header-below-stick-meta":"","astra-migrate-meta-layouts":"default","ast-page-background-enabled":"default","ast-page-background-meta":{"desktop":{"background-color":"var(--ast-global-color-4)","background-image":"","background-repeat":"repeat","background-position":"center center","background-size":"auto","background-attachment":"scroll","background-type":"","background-media":"","overlay-type":"","overlay-color":"","overlay-opacity":"","overlay-gradient":""},"tablet":{"background-color":"","background-image":"","background-repeat":"repeat","background-position":"center center","background-size":"auto","background-attachment":"scroll","background-type":"","background-media":"","overlay-type":"","overlay-color":"","overlay-opacity":"","overlay-gradient":""},"mobile":{"background-color":"","background-image":"","background-repeat":"repeat","background-position":"center center","background-size":"auto","background-attachment":"scroll","background-type":"","background-media":"","overlay-type":"","overlay-color":"","overlay-opacity":"","overlay-gradient":""}},"ast-content-background-meta":{"desktop":{"background-color":"var(--ast-global-color-5)","background-image":"","background-repeat":"repeat","background-position":"center center","background-size":"auto","background-attachment":"scroll","background-type":"","background-media":"","overlay-type":"","overlay-color":"","overlay-opacity":"","overlay-gradient":""},"tablet":{"background-color":"var(--ast-global-color-5)","background-image":"","background-repeat":"repeat","background-position":"center center","background-size":"auto","background-attachment":"scroll","background-type":"","background-media":"","overlay-type":"","overlay-color":"","overlay-opacity":"","overlay-gradient":""},"mobile":{"background-color":"var(--ast-global-color-5)","background-image":"","background-repeat":"repeat","background-position":"center center","background-size":"auto","background-attachment":"scroll","background-type":"","background-media":"","overlay-type":"","overlay-color":"","overlay-opacity":"","overlay-gradient":""}},"footnotes":""},"class_list":["post-1052","page","type-page","status-publish","hentry"],"_links":{"self":[{"href":"https:\/\/smoothie.social\/pt\/wp-json\/wp\/v2\/pages\/1052","targetHints":{"allow":["GET"]}}],"collection":[{"href":"https:\/\/smoothie.social\/pt\/wp-json\/wp\/v2\/pages"}],"about":[{"href":"https:\/\/smoothie.social\/pt\/wp-json\/wp\/v2\/types\/page"}],"author":[{"embeddable":true,"href":"https:\/\/smoothie.social\/pt\/wp-json\/wp\/v2\/users\/1"}],"replies":[{"embeddable":true,"href":"https:\/\/smoothie.social\/pt\/wp-json\/wp\/v2\/comments?post=1052"}],"version-history":[{"count":19,"href":"https:\/\/smoothie.social\/pt\/wp-json\/wp\/v2\/pages\/1052\/revisions"}],"predecessor-version":[{"id":1987,"href":"https:\/\/smoothie.social\/pt\/wp-json\/wp\/v2\/pages\/1052\/revisions\/1987"}],"wp:attachment":[{"href":"https:\/\/smoothie.social\/pt\/wp-json\/wp\/v2\/media?parent=1052"}],"curies":[{"name":"wp","href":"https:\/\/api.w.org\/{rel}","templated":true}]}}